{"id":786,"date":"2025-03-19T02:08:44","date_gmt":"2025-03-18T23:08:44","guid":{"rendered":"https:\/\/nssprivatetravel.com\/?page_id=786"},"modified":"2025-03-19T02:18:59","modified_gmt":"2025-03-18T23:18:59","slug":"galeri","status":"publish","type":"page","link":"https:\/\/nssprivatetravel.com\/?page_id=786","title":{"rendered":"Galeri"},"content":{"rendered":"<p>Ara\u00e7lar\u0131m\u0131zdan G\u00f6r\u00fcnt\u00fcler<\/p>\n<div id=\"envira-gallery-wrap-791\" class=\"envira-gallery-wrap envira-gallery-theme-base envira-lightbox-theme-base\" itemscope itemtype=\"https:\/\/schema.org\/ImageGallery\"><div data-row-height=\"150\" data-gallery-theme=\"normal\" id=\"envira-gallery-791\" class=\"envira-gallery-public envira-gallery-justified-public envira-gallery-0-columns envira-clear enviratope envira-gallery-css-animations\" data-envira-columns=\"0\"><div id=\"envira-gallery-item-778\" class=\"envira-gallery-item enviratope-item envira-gallery-item-1 envira-lazy-load\" style=\"padding-left: 5px; padding-bottom: 10px; padding-right: 5px;\"  itemscope itemtype=\"https:\/\/schema.org\/ImageObject\"><div class=\"envira-gallery-item-inner\"><div class=\"envira-gallery-position-overlay  envira-gallery-top-left\"><\/div><div class=\"envira-gallery-position-overlay  envira-gallery-top-right\"><\/div><div class=\"envira-gallery-position-overlay  envira-gallery-bottom-left\"><\/div><div class=\"envira-gallery-position-overlay  envira-gallery-bottom-right\"><\/div><a href=\"https:\/\/nssprivatetravel.com\/wp-content\/uploads\/2025\/03\/sprinmars.png\" class=\"envira-gallery-791 envira-gallery-link\" rel=\"enviragallery791\" title=\"Merceres Sprinter\" data-envira-caption=\"Merceres Sprinter\" data-envira-retina=\"\" data-thumbnail=\"\"  itemprop=\"contentUrl\"><img decoding=\"async\" id=\"envira-gallery-image-778\" class=\"envira-gallery-image envira-gallery-image-1 envira-normal envira-lazy\" data-envira-index=\"1\" src=\"https:\/\/nssprivatetravel.com\/wp-content\/uploads\/2025\/03\/sprinmars-640x480.png\" data-envira-src=\"https:\/\/nssprivatetravel.com\/wp-content\/uploads\/2025\/03\/sprinmars-640x480.png\" data-envira-gallery-id=\"791\" data-envira-item-id=\"778\" data-envira-caption=\"Merceres Sprinter\" alt=\"\" title=\"Merceres Sprinter\"  itemprop=\"thumbnailUrl\" data-envira-srcset=\"https:\/\/nssprivatetravel.com\/wp-content\/uploads\/2025\/03\/sprinmars-640x480.png 400w,https:\/\/nssprivatetravel.com\/wp-content\/uploads\/2025\/03\/sprinmars-640x480.png 2x\" data-envira-width=\"300\" data-envira-height=\"232\" srcset=\"data:image\/gif;base64,R0lGODlhAQABAIAAAP\/\/\/\/\/\/\/yH5BAEKAAEALAAAAAABAAEAAAICTAEAOw==\" data-safe-src=\"data:image\/gif;base64,R0lGODlhAQABAIAAAP\/\/\/\/\/\/\/yH5BAEKAAEALAAAAAABAAEAAAICTAEAOw==\" \/><\/a><\/div><\/div><div id=\"envira-gallery-item-777\" class=\"envira-gallery-item enviratope-item envira-gallery-item-2 envira-lazy-load\" style=\"padding-left: 5px; padding-bottom: 10px; padding-right: 5px;\"  itemscope itemtype=\"https:\/\/schema.org\/ImageObject\"><div class=\"envira-gallery-item-inner\"><div class=\"envira-gallery-position-overlay  envira-gallery-top-left\"><\/div><div class=\"envira-gallery-position-overlay  envira-gallery-top-right\"><\/div><div class=\"envira-gallery-position-overlay  envira-gallery-bottom-left\"><\/div><div class=\"envira-gallery-position-overlay  envira-gallery-bottom-right\"><\/div><a href=\"https:\/\/nssprivatetravel.com\/wp-content\/uploads\/2019\/01\/vitomans.png\" class=\"envira-gallery-791 envira-gallery-link\" rel=\"enviragallery791\" title=\"Merceres Vito\" data-envira-caption=\"Merceres Vito\" data-envira-retina=\"\" data-thumbnail=\"\"  itemprop=\"contentUrl\"><img decoding=\"async\" id=\"envira-gallery-image-777\" class=\"envira-gallery-image envira-gallery-image-2 envira-normal envira-lazy\" data-envira-index=\"2\" src=\"https:\/\/nssprivatetravel.com\/wp-content\/uploads\/2019\/01\/vitomans-640x480.png\" data-envira-src=\"https:\/\/nssprivatetravel.com\/wp-content\/uploads\/2019\/01\/vitomans-640x480.png\" data-envira-gallery-id=\"791\" data-envira-item-id=\"777\" data-envira-caption=\"Merceres Vito\" alt=\"\" title=\"Merceres Vito\"  itemprop=\"thumbnailUrl\" data-envira-srcset=\"https:\/\/nssprivatetravel.com\/wp-content\/uploads\/2019\/01\/vitomans-640x480.png 400w,https:\/\/nssprivatetravel.com\/wp-content\/uploads\/2019\/01\/vitomans-640x480.png 2x\" data-envira-width=\"300\" data-envira-height=\"232\" srcset=\"data:image\/gif;base64,R0lGODlhAQABAIAAAP\/\/\/\/\/\/\/yH5BAEKAAEALAAAAAABAAEAAAICTAEAOw==\" data-safe-src=\"data:image\/gif;base64,R0lGODlhAQABAIAAAP\/\/\/\/\/\/\/yH5BAEKAAEALAAAAAABAAEAAAICTAEAOw==\" \/><\/a><\/div><\/div><div id=\"envira-gallery-item-776\" class=\"envira-gallery-item enviratope-item envira-gallery-item-3 envira-lazy-load\" style=\"padding-left: 5px; padding-bottom: 10px; padding-right: 5px;\"  itemscope itemtype=\"https:\/\/schema.org\/ImageObject\"><div class=\"envira-gallery-item-inner\"><div class=\"envira-gallery-position-overlay  envira-gallery-top-left\"><\/div><div class=\"envira-gallery-position-overlay  envira-gallery-top-right\"><\/div><div class=\"envira-gallery-position-overlay  envira-gallery-bottom-left\"><\/div><div class=\"envira-gallery-position-overlay  envira-gallery-bottom-right\"><\/div><a href=\"https:\/\/nssprivatetravel.com\/wp-content\/uploads\/2019\/01\/vitooo.png\" class=\"envira-gallery-791 envira-gallery-link\" rel=\"enviragallery791\" title=\"Merceres Vito\" data-envira-caption=\"Merceres Vito\" data-envira-retina=\"\" data-thumbnail=\"\"  itemprop=\"contentUrl\"><img decoding=\"async\" id=\"envira-gallery-image-776\" class=\"envira-gallery-image envira-gallery-image-3 envira-normal envira-lazy\" data-envira-index=\"3\" src=\"https:\/\/nssprivatetravel.com\/wp-content\/uploads\/2019\/01\/vitooo-1024x574-640x480.png\" data-envira-src=\"https:\/\/nssprivatetravel.com\/wp-content\/uploads\/2019\/01\/vitooo-1024x574-640x480.png\" data-envira-gallery-id=\"791\" data-envira-item-id=\"776\" data-envira-caption=\"Merceres Vito\" alt=\"\" title=\"Merceres Vito\"  itemprop=\"thumbnailUrl\" data-envira-srcset=\"https:\/\/nssprivatetravel.com\/wp-content\/uploads\/2019\/01\/vitooo-1024x574-640x480.png 400w,https:\/\/nssprivatetravel.com\/wp-content\/uploads\/2019\/01\/vitooo-1024x574-640x480.png 2x\" data-envira-width=\"300\" data-envira-height=\"168\" srcset=\"data:image\/gif;base64,R0lGODlhAQABAIAAAP\/\/\/\/\/\/\/yH5BAEKAAEALAAAAAABAAEAAAICTAEAOw==\" data-safe-src=\"data:image\/gif;base64,R0lGODlhAQABAIAAAP\/\/\/\/\/\/\/yH5BAEKAAEALAAAAAABAAEAAAICTAEAOw==\" \/><\/a><\/div><\/div><div id=\"envira-gallery-item-775\" class=\"envira-gallery-item enviratope-item envira-gallery-item-4 envira-lazy-load\" style=\"padding-left: 5px; padding-bottom: 10px; padding-right: 5px;\"  itemscope itemtype=\"https:\/\/schema.org\/ImageObject\"><div class=\"envira-gallery-item-inner\"><div class=\"envira-gallery-position-overlay  envira-gallery-top-left\"><\/div><div class=\"envira-gallery-position-overlay  envira-gallery-top-right\"><\/div><div class=\"envira-gallery-position-overlay  envira-gallery-bottom-left\"><\/div><div class=\"envira-gallery-position-overlay  envira-gallery-bottom-right\"><\/div><a href=\"https:\/\/nssprivatetravel.com\/wp-content\/uploads\/2019\/01\/vito-tourer.png\" class=\"envira-gallery-791 envira-gallery-link\" rel=\"enviragallery791\" title=\"Merceres Vito\" data-envira-caption=\"Merceres Vito\" data-envira-retina=\"\" data-thumbnail=\"\"  itemprop=\"contentUrl\"><img decoding=\"async\" id=\"envira-gallery-image-775\" class=\"envira-gallery-image envira-gallery-image-4 envira-normal envira-lazy\" data-envira-index=\"4\" src=\"https:\/\/nssprivatetravel.com\/wp-content\/uploads\/2019\/01\/vito-tourer-1024x584-640x480.png\" data-envira-src=\"https:\/\/nssprivatetravel.com\/wp-content\/uploads\/2019\/01\/vito-tourer-1024x584-640x480.png\" data-envira-gallery-id=\"791\" data-envira-item-id=\"775\" data-envira-caption=\"Merceres Vito\" alt=\"\" title=\"Merceres Vito\"  itemprop=\"thumbnailUrl\" data-envira-srcset=\"https:\/\/nssprivatetravel.com\/wp-content\/uploads\/2019\/01\/vito-tourer-1024x584-640x480.png 400w,https:\/\/nssprivatetravel.com\/wp-content\/uploads\/2019\/01\/vito-tourer-1024x584-640x480.png 2x\" data-envira-width=\"300\" data-envira-height=\"171\" srcset=\"data:image\/gif;base64,R0lGODlhAQABAIAAAP\/\/\/\/\/\/\/yH5BAEKAAEALAAAAAABAAEAAAICTAEAOw==\" data-safe-src=\"data:image\/gif;base64,R0lGODlhAQABAIAAAP\/\/\/\/\/\/\/yH5BAEKAAEALAAAAAABAAEAAAICTAEAOw==\" \/><\/a><\/div><\/div><div id=\"envira-gallery-item-774\" class=\"envira-gallery-item enviratope-item envira-gallery-item-5 envira-lazy-load\" style=\"padding-left: 5px; padding-bottom: 10px; padding-right: 5px;\"  itemscope itemtype=\"https:\/\/schema.org\/ImageObject\"><div class=\"envira-gallery-item-inner\"><div class=\"envira-gallery-position-overlay  envira-gallery-top-left\"><\/div><div class=\"envira-gallery-position-overlay  envira-gallery-top-right\"><\/div><div class=\"envira-gallery-position-overlay  envira-gallery-bottom-left\"><\/div><div class=\"envira-gallery-position-overlay  envira-gallery-bottom-right\"><\/div><a href=\"https:\/\/nssprivatetravel.com\/wp-content\/uploads\/2025\/03\/483074702_18449177365075893_1478610547088652160_n.jpg\" class=\"envira-gallery-791 envira-gallery-link\" rel=\"enviragallery791\" title=\"Merceres Vito\" data-envira-caption=\"Merceres Vito\" data-envira-retina=\"\" data-thumbnail=\"\"  itemprop=\"contentUrl\"><img decoding=\"async\" id=\"envira-gallery-image-774\" class=\"envira-gallery-image envira-gallery-image-5 envira-normal envira-lazy\" data-envira-index=\"5\" src=\"https:\/\/nssprivatetravel.com\/wp-content\/uploads\/2025\/03\/483074702_18449177365075893_1478610547088652160_n-1024x1024-640x480.jpg\" data-envira-src=\"https:\/\/nssprivatetravel.com\/wp-content\/uploads\/2025\/03\/483074702_18449177365075893_1478610547088652160_n-1024x1024-640x480.jpg\" data-envira-gallery-id=\"791\" data-envira-item-id=\"774\" data-envira-caption=\"Merceres Vito\" alt=\"\" title=\"Merceres Vito\"  itemprop=\"thumbnailUrl\" data-envira-srcset=\"https:\/\/nssprivatetravel.com\/wp-content\/uploads\/2025\/03\/483074702_18449177365075893_1478610547088652160_n-1024x1024-640x480.jpg 400w,https:\/\/nssprivatetravel.com\/wp-content\/uploads\/2025\/03\/483074702_18449177365075893_1478610547088652160_n-1024x1024-640x480.jpg 2x\" data-envira-width=\"300\" data-envira-height=\"300\" srcset=\"data:image\/gif;base64,R0lGODlhAQABAIAAAP\/\/\/\/\/\/\/yH5BAEKAAEALAAAAAABAAEAAAICTAEAOw==\" data-safe-src=\"data:image\/gif;base64,R0lGODlhAQABAIAAAP\/\/\/\/\/\/\/yH5BAEKAAEALAAAAAABAAEAAAICTAEAOw==\" \/><\/a><\/div><\/div><div id=\"envira-gallery-item-629\" class=\"envira-gallery-item enviratope-item envira-gallery-item-6 envira-lazy-load\" style=\"padding-left: 5px; padding-bottom: 10px; padding-right: 5px;\"  itemscope itemtype=\"https:\/\/schema.org\/ImageObject\"><div class=\"envira-gallery-item-inner\"><div class=\"envira-gallery-position-overlay  envira-gallery-top-left\"><\/div><div class=\"envira-gallery-position-overlay  envira-gallery-top-right\"><\/div><div class=\"envira-gallery-position-overlay  envira-gallery-bottom-left\"><\/div><div class=\"envira-gallery-position-overlay  envira-gallery-bottom-right\"><\/div><a href=\"https:\/\/nssprivatetravel.com\/wp-content\/uploads\/2025\/03\/hizmet4.jpg\" class=\"envira-gallery-791 envira-gallery-link\" rel=\"enviragallery791\" title=\"hizmet4\" data-envira-caption=\"hizmet4\" data-envira-retina=\"\" data-thumbnail=\"\"  itemprop=\"contentUrl\"><img decoding=\"async\" id=\"envira-gallery-image-629\" class=\"envira-gallery-image envira-gallery-image-6 envira-normal envira-lazy\" data-envira-index=\"6\" src=\"https:\/\/nssprivatetravel.com\/wp-content\/uploads\/2025\/03\/hizmet4-1024x683-640x480.jpg\" data-envira-src=\"https:\/\/nssprivatetravel.com\/wp-content\/uploads\/2025\/03\/hizmet4-1024x683-640x480.jpg\" data-envira-gallery-id=\"791\" data-envira-item-id=\"629\" data-envira-caption=\"hizmet4\" alt=\"\" title=\"hizmet4\"  itemprop=\"thumbnailUrl\" data-envira-srcset=\"https:\/\/nssprivatetravel.com\/wp-content\/uploads\/2025\/03\/hizmet4-1024x683-640x480.jpg 400w,https:\/\/nssprivatetravel.com\/wp-content\/uploads\/2025\/03\/hizmet4-1024x683-640x480.jpg 2x\" data-envira-width=\"300\" data-envira-height=\"200\" srcset=\"data:image\/gif;base64,R0lGODlhAQABAIAAAP\/\/\/\/\/\/\/yH5BAEKAAEALAAAAAABAAEAAAICTAEAOw==\" data-safe-src=\"data:image\/gif;base64,R0lGODlhAQABAIAAAP\/\/\/\/\/\/\/yH5BAEKAAEALAAAAAABAAEAAAICTAEAOw==\" \/><\/a><\/div><\/div><div id=\"envira-gallery-item-627\" class=\"envira-gallery-item enviratope-item envira-gallery-item-7 envira-lazy-load\" style=\"padding-left: 5px; padding-bottom: 10px; padding-right: 5px;\"  itemscope itemtype=\"https:\/\/schema.org\/ImageObject\"><div class=\"envira-gallery-item-inner\"><div class=\"envira-gallery-position-overlay  envira-gallery-top-left\"><\/div><div class=\"envira-gallery-position-overlay  envira-gallery-top-right\"><\/div><div class=\"envira-gallery-position-overlay  envira-gallery-bottom-left\"><\/div><div class=\"envira-gallery-position-overlay  envira-gallery-bottom-right\"><\/div><a href=\"https:\/\/nssprivatetravel.com\/wp-content\/uploads\/2018\/12\/vip-transfer-2.jpg\" class=\"envira-gallery-791 envira-gallery-link\" rel=\"enviragallery791\" title=\"vip-transfer-2\" data-envira-caption=\"vip-transfer-2\" data-envira-retina=\"\" data-thumbnail=\"\"  itemprop=\"contentUrl\"><img decoding=\"async\" id=\"envira-gallery-image-627\" class=\"envira-gallery-image envira-gallery-image-7 envira-normal envira-lazy\" data-envira-index=\"7\" src=\"https:\/\/nssprivatetravel.com\/wp-content\/uploads\/2018\/12\/vip-transfer-2-1024x682-640x480.jpg\" data-envira-src=\"https:\/\/nssprivatetravel.com\/wp-content\/uploads\/2018\/12\/vip-transfer-2-1024x682-640x480.jpg\" data-envira-gallery-id=\"791\" data-envira-item-id=\"627\" data-envira-caption=\"vip-transfer-2\" alt=\"\" title=\"vip-transfer-2\"  itemprop=\"thumbnailUrl\" data-envira-srcset=\"https:\/\/nssprivatetravel.com\/wp-content\/uploads\/2018\/12\/vip-transfer-2-1024x682-640x480.jpg 400w,https:\/\/nssprivatetravel.com\/wp-content\/uploads\/2018\/12\/vip-transfer-2-1024x682-640x480.jpg 2x\" data-envira-width=\"300\" data-envira-height=\"200\" srcset=\"data:image\/gif;base64,R0lGODlhAQABAIAAAP\/\/\/\/\/\/\/yH5BAEKAAEALAAAAAABAAEAAAICTAEAOw==\" data-safe-src=\"data:image\/gif;base64,R0lGODlhAQABAIAAAP\/\/\/\/\/\/\/yH5BAEKAAEALAAAAAABAAEAAAICTAEAOw==\" \/><\/a><\/div><\/div><\/div><\/div><noscript><img decoding=\"async\" src=\"https:\/\/nssprivatetravel.com\/wp-content\/uploads\/2025\/03\/sprinmars.png\" alt=\"\" \/><img decoding=\"async\" src=\"https:\/\/nssprivatetravel.com\/wp-content\/uploads\/2019\/01\/vitomans.png\" alt=\"\" \/><img decoding=\"async\" src=\"https:\/\/nssprivatetravel.com\/wp-content\/uploads\/2019\/01\/vitooo.png\" alt=\"\" \/><img decoding=\"async\" src=\"https:\/\/nssprivatetravel.com\/wp-content\/uploads\/2019\/01\/vito-tourer.png\" alt=\"\" \/><img decoding=\"async\" src=\"https:\/\/nssprivatetravel.com\/wp-content\/uploads\/2025\/03\/483074702_18449177365075893_1478610547088652160_n.jpg\" alt=\"\" \/><img decoding=\"async\" src=\"https:\/\/nssprivatetravel.com\/wp-content\/uploads\/2025\/03\/hizmet4.jpg\" alt=\"\" \/><img decoding=\"async\" src=\"https:\/\/nssprivatetravel.com\/wp-content\/uploads\/2018\/12\/vip-transfer-2.jpg\" alt=\"\" \/><\/noscript>\n","protected":false},"excerpt":{"rendered":"<p>Ara\u00e7lar\u0131m\u0131zdan G\u00f6r\u00fcnt\u00fcler<\/p>\n","protected":false},"author":1,"featured_media":0,"parent":0,"menu_order":0,"comment_status":"closed","ping_status":"closed","template":"","meta":{"footnotes":""},"class_list":["post-786","page","type-page","status-publish","hentry"],"_links":{"self":[{"href":"https:\/\/nssprivatetravel.com\/index.php?rest_route=\/wp\/v2\/pages\/786","targetHints":{"allow":["GET"]}}],"collection":[{"href":"https:\/\/nssprivatetravel.com\/index.php?rest_route=\/wp\/v2\/pages"}],"about":[{"href":"https:\/\/nssprivatetravel.com\/index.php?rest_route=\/wp\/v2\/types\/page"}],"author":[{"embeddable":true,"href":"https:\/\/nssprivatetravel.com\/index.php?rest_route=\/wp\/v2\/users\/1"}],"replies":[{"embeddable":true,"href":"https:\/\/nssprivatetravel.com\/index.php?rest_route=%2Fwp%2Fv2%2Fcomments&post=786"}],"version-history":[{"count":6,"href":"https:\/\/nssprivatetravel.com\/index.php?rest_route=\/wp\/v2\/pages\/786\/revisions"}],"predecessor-version":[{"id":795,"href":"https:\/\/nssprivatetravel.com\/index.php?rest_route=\/wp\/v2\/pages\/786\/revisions\/795"}],"wp:attachment":[{"href":"https:\/\/nssprivatetravel.com\/index.php?rest_route=%2Fwp%2Fv2%2Fmedia&parent=786"}],"curies":[{"name":"wp","href":"https:\/\/api.w.org\/{rel}","templated":true}]}}