{"id":21,"date":"2018-08-29T16:59:15","date_gmt":"2018-08-29T13:59:15","guid":{"rendered":"http:\/\/temalar5.temadijital.com\/transfer-1\/?page_id=21"},"modified":"2025-03-18T12:56:12","modified_gmt":"2025-03-18T09:56:12","slug":"hakkimizda","status":"publish","type":"page","link":"https:\/\/nssprivatetravel.com\/?page_id=21","title":{"rendered":"Hakk\u0131m\u0131zda"},"content":{"rendered":"<p><img loading=\"lazy\" decoding=\"async\" class=\"aligncenter wp-image-744\" src=\"https:\/\/nssprivatetravel.com\/wp-content\/uploads\/2025\/03\/kisiye-ozel-vip-transfer-300x126.jpg\" alt=\"\" width=\"390\" height=\"164\" srcset=\"https:\/\/nssprivatetravel.com\/wp-content\/uploads\/2025\/03\/kisiye-ozel-vip-transfer-300x126.jpg 300w, https:\/\/nssprivatetravel.com\/wp-content\/uploads\/2025\/03\/kisiye-ozel-vip-transfer-1024x430.jpg 1024w, https:\/\/nssprivatetravel.com\/wp-content\/uploads\/2025\/03\/kisiye-ozel-vip-transfer-768x323.jpg 768w, https:\/\/nssprivatetravel.com\/wp-content\/uploads\/2025\/03\/kisiye-ozel-vip-transfer.jpg 1500w\" sizes=\"auto, (max-width: 390px) 100vw, 390px\" \/><\/p>\r\n\r\n<p><strong>Nss Private Transfer<\/strong> y\u0131llar\u0131n tecr\u00fcbesiyle geli\u015ferek ve b\u00fcy\u00fcyerek ilerlemi\u015ftir. Yurt d\u0131\u015f\u0131 ve yurti\u00e7inden gelen siz de\u011ferli misafirlerimize kendinizi daha \u00f6zel hissettirecek kolayl\u0131klar ve ayr\u0131cal\u0131kl\u0131 hizmetler sunmaktay\u0131z . T\u00fcrkiye\u2019deki t\u00fcm Havalimanlar\u0131na, otellere veya diledi\u011finiz herhangi bir lokasyona ultra l\u00fcks ara\u00e7lar\u0131m\u0131zla transfer hizmeti yapmaktay\u0131z. Ara\u00e7lar\u0131m\u0131z\u0131n kaskolu olmas\u0131n\u0131n yan\u0131nda her misafirimizin ad\u0131na ayr\u0131ca \u201cSeyahat Sigortas\u0131\u201d d\u00fczenliyoruz. Hem ara\u00e7lar\u0131m\u0131z hemde siz de\u011ferli misafirlerimiz sigortal\u0131 \u015fekilde seyahat etmektedir. Ayr\u0131ca siz de\u011ferli misafirlerimize T\u00fcrkiye\u2019nin her b\u00f6lgesinde \u00f6zel turlar ve gruplar halinde g\u00fcnl\u00fck, haftal\u0131k turlar organize ediyoruz. Her b\u00fct\u00e7eye uygun ara\u00e7lar\u0131m\u0131zla m\u00fc\u015fteri memnuniyeti odakl\u0131 \u00e7al\u0131\u015fmaktay\u0131z. Y\u0131lda 10.000\u2019den fazla misafirimizi g\u00fcler y\u00fczle kar\u015f\u0131lay\u0131p, memnuniyetle u\u011furluyoruz.\u00a0<\/p>\r\n\r\n\r\n\r\n<p>\u0130leri seviye ve profesyonel silah kullanabilen, ilgili resmi makamlardan sertfikal\u0131 Vip koruma personelimiz ile sizi en g\u00fcvenli \u015fekilde koruyarak Vip koruma ve ula\u015f\u0131m hizmet vermekteyiz. Vip koruma e\u011fitimli personelimiz alan\u0131nda uzman bir kadrodan olu\u015fmaktad\u0131r ve planlanan herhangi bir sald\u0131r\u0131y\u0131 ba\u015flamadan \u00f6nleyebilecek tecr\u00fcbeye sahiptir. Rekor seviyelerde, h\u0131zl\u0131 silah kullanabilen uzman kadromuzla g\u00fcvende oldu\u011funuzu hissedeceksiniz.\u00a0<\/p>\r\n\r\n\r\n\r\n<p>Ekonomik s\u0131n\u0131ftan l\u00fcx s\u0131n\u0131fa kadar bir\u00e7ok arac\u0131m\u0131z ile sizlere en iyi Transfer hizmetini verebilmek i\u00e7in titiz bir \u015fekilde, memnuniyet odakl\u0131 \u00e7al\u0131\u015f\u0131yoruz.\u00a0 Ara\u00e7lar\u0131m\u0131zda, tecr\u00fcbeli, profesyonel ve ileri g\u00fcvenli s\u00fcr\u00fc\u015f e\u011fitimi alm\u0131\u015f \u015fof\u00f6rlerimizle sizlere en kaliteli ve g\u00fcvenilir hizmeti veriyoruz.<\/p>\r\n\r\n\r\n\r\n<p>Siz de\u011ferli m\u00fc\u015fterilerimizin 7\/24 hizmetinde ve bir telefon kadar yak\u0131n\u0131nday\u0131z.<\/p>\r\n","protected":false},"excerpt":{"rendered":"<p>Nss Private Transfer y\u0131llar\u0131n tecr\u00fcbesiyle geli\u015ferek ve b\u00fcy\u00fcyerek ilerlemi\u015ftir. Yurt d\u0131\u015f\u0131 ve yurti\u00e7inden gelen siz de\u011ferli misafirlerimize kendinizi daha \u00f6zel hissettirecek kolayl\u0131klar ve ayr\u0131cal\u0131kl\u0131 hizmetler sunmaktay\u0131z . T\u00fcrkiye\u2019deki t\u00fcm Havalimanlar\u0131na, otellere veya diledi\u011finiz herhangi bir lokasyona ultra l\u00fcks ara\u00e7lar\u0131m\u0131zla transfer hizmeti yapmaktay\u0131z. Ara\u00e7lar\u0131m\u0131z\u0131n kaskolu olmas\u0131n\u0131n yan\u0131nda her misafirimizin ad\u0131na ayr\u0131ca \u201cSeyahat Sigortas\u0131\u201d d\u00fczenliyoruz. Hem ara\u00e7lar\u0131m\u0131z [&hellip;]<\/p>\n","protected":false},"author":1,"featured_media":0,"parent":0,"menu_order":0,"comment_status":"closed","ping_status":"closed","template":"","meta":{"footnotes":""},"class_list":["post-21","page","type-page","status-publish","hentry"],"_links":{"self":[{"href":"https:\/\/nssprivatetravel.com\/index.php?rest_route=\/wp\/v2\/pages\/21","targetHints":{"allow":["GET"]}}],"collection":[{"href":"https:\/\/nssprivatetravel.com\/index.php?rest_route=\/wp\/v2\/pages"}],"about":[{"href":"https:\/\/nssprivatetravel.com\/index.php?rest_route=\/wp\/v2\/types\/page"}],"author":[{"embeddable":true,"href":"https:\/\/nssprivatetravel.com\/index.php?rest_route=\/wp\/v2\/users\/1"}],"replies":[{"embeddable":true,"href":"https:\/\/nssprivatetravel.com\/index.php?rest_route=%2Fwp%2Fv2%2Fcomments&post=21"}],"version-history":[{"count":5,"href":"https:\/\/nssprivatetravel.com\/index.php?rest_route=\/wp\/v2\/pages\/21\/revisions"}],"predecessor-version":[{"id":749,"href":"https:\/\/nssprivatetravel.com\/index.php?rest_route=\/wp\/v2\/pages\/21\/revisions\/749"}],"wp:attachment":[{"href":"https:\/\/nssprivatetravel.com\/index.php?rest_route=%2Fwp%2Fv2%2Fmedia&parent=21"}],"curies":[{"name":"wp","href":"https:\/\/api.w.org\/{rel}","templated":true}]}}